{"id":6459,"date":"2020-04-21T17:37:46","date_gmt":"2020-04-21T17:37:46","guid":{"rendered":"http:\/\/bolagsteamet.se\/?page_id=6459"},"modified":"2020-06-22T18:50:23","modified_gmt":"2020-06-22T18:50:23","slug":"staffing-and-consultation","status":"publish","type":"page","link":"https:\/\/bolagsteamet.se\/en\/staffing-and-consultation\/","title":{"rendered":"Staffing &amp; Consultation"},"content":{"rendered":"<div data-elementor-type=\"wp-page\" data-elementor-id=\"6459\" class=\"elementor elementor-6459\">\n\t\t\t\t\t\t<section class=\"elementor-section elementor-top-section elementor-element elementor-element-8c9f7fb elementor-section-boxed elementor-section-height-default elementor-section-height-default\" data-id=\"8c9f7fb\" data-element_type=\"section\" data-e-type=\"section\">\n\t\t\t\t\t\t<div class=\"elementor-container elementor-column-gap-default\">\n\t\t\t\t\t<div class=\"elementor-column elementor-col-100 elementor-top-column elementor-element elementor-element-f29fb67 blockquote_style_2\" data-id=\"f29fb67\" data-element_type=\"column\" data-e-type=\"column\">\n\t\t\t<div class=\"elementor-widget-wrap elementor-element-populated\">\n\t\t\t\t\t\t<div class=\"elementor-element elementor-element-ad01c41 elementor-widget elementor-widget-text-editor\" data-id=\"ad01c41\" data-element_type=\"widget\" data-e-type=\"widget\" data-widget_type=\"text-editor.default\">\n\t\t\t\t<div class=\"elementor-widget-container\">\n\t\t\t\t\t\t\t\t\t<p>Sometimes you have too much to do. Then you may need to strengthen some areas of work a little more without entering into long-term employment. To recruit often takes time and does not meet the needs that arise quickly. Another option is to hire staff from a staffing agency. There are both pros and cons to the latter. The disadvantage is that it can be more expensive than hiring. But in many cases, it is offset by the fact that the staffing agency has a larger network and, in this way, can better meet your needs than if you do the recruitment yourself. At the same time, hired staff is less risky because it is the staffing agency that has to solve the problems in the event of a failure in staffing. For shorter projects and seasonal jobs, this solution is recommended, although longer commitment has its benefits of course.<\/p>\n\t\t\t\t\t\t\t\t<\/div>\n\t\t\t\t<\/div>\n\t\t\t\t<div class=\"elementor-element elementor-element-e2b0b17 elementor-widget elementor-widget-text-editor\" data-id=\"e2b0b17\" data-element_type=\"widget\" data-e-type=\"widget\" data-widget_type=\"text-editor.default\">\n\t\t\t\t<div class=\"elementor-widget-container\">\n\t\t\t\t\t\t\t\t\t<blockquote>\n<p class=\"p1\">Cost-effective \u2013 with the right resources and expertise for the right task, work becomes more efficient.<\/p>\n<\/blockquote>\n\t\t\t\t\t\t\t\t<\/div>\n\t\t\t\t<\/div>\n\t\t\t\t<div class=\"elementor-element elementor-element-076f6e9 elementor-widget elementor-widget-stm_spacing\" data-id=\"076f6e9\" data-element_type=\"widget\" data-e-type=\"widget\" data-widget_type=\"stm_spacing.default\">\n\t\t\t\t<div class=\"elementor-widget-container\">\n\t\t\t\t\t<div class=\"stm-spacing\" id=\"stm-spacing-69e362c83fcf3\"><\/div>\n<script>\n    (function($){\n        \"use strict\";\n        var spacingID = 'stm-spacing-69e362c83fcf3',\n            lgSpacing = '60',\n            mdSpacing = '40',\n            smSpacing = '30',\n            xsSpacing = '20';\n\n        function stmSpacing() {\n            if ( window.matchMedia(\"(min-width: 1200px)\").matches && lgSpacing ) {\n                $( '#' + spacingID ).css ( \"height\", lgSpacing );\n            } else if ( window.matchMedia(\"(max-width: 1199px) and (min-width: 992px )\").matches && mdSpacing ) {\n                $( '#' + spacingID ).css ( \"height\", mdSpacing );\n            } else if ( window.matchMedia(\"(max-width: 991px) and (min-width: 768px )\").matches && smSpacing ) {\n                $( '#' + spacingID ).css ( \"height\", smSpacing );\n            } else if ( window.matchMedia(\"(max-width: 767px)\").matches && xsSpacing ) {\n                $( '#' + spacingID ).css ( \"height\", xsSpacing );\n            } else {\n                $( '#' + spacingID ).css ( \"height\", \"\" );\n            }\n        }\n\n        $(document).ready(function() {\n            stmSpacing();\n        });\n\n        $(window).resize(function() {\n            stmSpacing();\n        });\n\n    })(jQuery);\n<\/script>\t\t\t\t<\/div>\n\t\t\t\t<\/div>\n\t\t\t\t\t<\/div>\n\t\t<\/div>\n\t\t\t\t\t<\/div>\n\t\t<\/section>\n\t\t\t\t<section class=\"elementor-section elementor-top-section elementor-element elementor-element-420b914 elementor-section-boxed elementor-section-height-default elementor-section-height-default\" data-id=\"420b914\" data-element_type=\"section\" data-e-type=\"section\" data-settings=\"{&quot;background_background&quot;:&quot;classic&quot;}\">\n\t\t\t\t\t\t<div class=\"elementor-container elementor-column-gap-default\">\n\t\t\t\t\t<div class=\"elementor-column elementor-col-100 elementor-top-column elementor-element elementor-element-f4dffa2\" data-id=\"f4dffa2\" data-element_type=\"column\" data-e-type=\"column\">\n\t\t\t<div class=\"elementor-widget-wrap elementor-element-populated\">\n\t\t\t\t\t\t<div class=\"elementor-element elementor-element-bbd64b1 elementor-widget elementor-widget-vc_custom_heading\" data-id=\"bbd64b1\" data-element_type=\"widget\" data-e-type=\"widget\" data-widget_type=\"vc_custom_heading.default\">\n\t\t\t\t<div class=\"elementor-widget-container\">\n\t\t\t\t\t<div class=\"vc_custom_heading  consulting_heading_font  text_align_center\" ><h2 style=\"color: #54595F;text-align: center;font-weight:700\" class=\"consulting-custom-title\">We provide\n<\/h2><\/div>\t\t\t\t<\/div>\n\t\t\t\t<\/div>\n\t\t\t\t<div class=\"elementor-element elementor-element-41bc287 elementor-widget elementor-widget-stm_spacing\" data-id=\"41bc287\" data-element_type=\"widget\" data-e-type=\"widget\" data-widget_type=\"stm_spacing.default\">\n\t\t\t\t<div class=\"elementor-widget-container\">\n\t\t\t\t\t<div class=\"stm-spacing\" id=\"stm-spacing-69e362c8407a7\"><\/div>\n<script>\n    (function($){\n        \"use strict\";\n        var spacingID = 'stm-spacing-69e362c8407a7',\n            lgSpacing = '20',\n            mdSpacing = '20',\n            smSpacing = '15',\n            xsSpacing = '10';\n\n        function stmSpacing() {\n            if ( window.matchMedia(\"(min-width: 1200px)\").matches && lgSpacing ) {\n                $( '#' + spacingID ).css ( \"height\", lgSpacing );\n            } else if ( window.matchMedia(\"(max-width: 1199px) and (min-width: 992px )\").matches && mdSpacing ) {\n                $( '#' + spacingID ).css ( \"height\", mdSpacing );\n            } else if ( window.matchMedia(\"(max-width: 991px) and (min-width: 768px )\").matches && smSpacing ) {\n                $( '#' + spacingID ).css ( \"height\", smSpacing );\n            } else if ( window.matchMedia(\"(max-width: 767px)\").matches && xsSpacing ) {\n                $( '#' + spacingID ).css ( \"height\", xsSpacing );\n            } else {\n                $( '#' + spacingID ).css ( \"height\", \"\" );\n            }\n        }\n\n        $(document).ready(function() {\n            stmSpacing();\n        });\n\n        $(window).resize(function() {\n            stmSpacing();\n        });\n\n    })(jQuery);\n<\/script>\t\t\t\t<\/div>\n\t\t\t\t<\/div>\n\t\t\t\t<section class=\"elementor-section elementor-top-section elementor-element elementor-element-49fffd6 elementor-section-boxed elementor-section-height-default elementor-section-height-default\" data-id=\"49fffd6\" data-element_type=\"section\" data-e-type=\"section\">\n\t\t\t\t\t\t<div class=\"elementor-container elementor-column-gap-default\">\n\t\t\t\t\t<div class=\"elementor-column elementor-col-33 elementor-top-column elementor-element elementor-element-0b7d5e0\" data-id=\"0b7d5e0\" data-element_type=\"column\" data-e-type=\"column\">\n\t\t\t<div class=\"elementor-widget-wrap elementor-element-populated\">\n\t\t\t\t\t\t<div class=\"elementor-element elementor-element-ebeecd5 elementor-widget elementor-widget-stm_icon_box\" data-id=\"ebeecd5\" data-element_type=\"widget\" data-e-type=\"widget\" data-widget_type=\"stm_icon_box.default\">\n\t\t\t\t<div class=\"elementor-widget-container\">\n\t\t\t\t\t\n            <div class=\"icon_box  elementor-consulting-icon-box style_2 alignment_left clearfix\">\n        <div class=\"icon_box_inner\">\n                    <div class=\"icon  font-color_base\" style=\"width:65px\">\n                <i style=\"font-size:21px; \"\n                   class=\"stm-suitcase-2\"><\/i><\/div>\n                            <h5 style=\"color:#54595F\" >Logistics and warehousing\n<\/h5>\n            <\/div>\n            <\/div>\n    \n\t\t\t\t<\/div>\n\t\t\t\t<\/div>\n\t\t\t\t\t<\/div>\n\t\t<\/div>\n\t\t\t\t<div class=\"elementor-column elementor-col-33 elementor-top-column elementor-element elementor-element-7eafb33\" data-id=\"7eafb33\" data-element_type=\"column\" data-e-type=\"column\">\n\t\t\t<div class=\"elementor-widget-wrap elementor-element-populated\">\n\t\t\t\t\t\t<div class=\"elementor-element elementor-element-499aa9b elementor-widget elementor-widget-stm_icon_box\" data-id=\"499aa9b\" data-element_type=\"widget\" data-e-type=\"widget\" data-widget_type=\"stm_icon_box.default\">\n\t\t\t\t<div class=\"elementor-widget-container\">\n\t\t\t\t\t\n            <div class=\"icon_box  elementor-consulting-icon-box style_2 alignment_left clearfix\">\n        <div class=\"icon_box_inner\">\n                    <div class=\"icon  font-color_base\" style=\"width:65px\">\n                <i style=\"font-size:21px; \"\n                   class=\"fa fa-plane\"><\/i><\/div>\n                            <h5 style=\"color:#54595F\" >Salespeople and sales support\n<\/h5>\n            <\/div>\n            <\/div>\n    \n\t\t\t\t<\/div>\n\t\t\t\t<\/div>\n\t\t\t\t\t<\/div>\n\t\t<\/div>\n\t\t\t\t<div class=\"elementor-column elementor-col-33 elementor-top-column elementor-element elementor-element-aa1b5e5\" data-id=\"aa1b5e5\" data-element_type=\"column\" data-e-type=\"column\">\n\t\t\t<div class=\"elementor-widget-wrap elementor-element-populated\">\n\t\t\t\t\t\t<div class=\"elementor-element elementor-element-db3675d elementor-widget elementor-widget-stm_icon_box\" data-id=\"db3675d\" data-element_type=\"widget\" data-e-type=\"widget\" data-widget_type=\"stm_icon_box.default\">\n\t\t\t\t<div class=\"elementor-widget-container\">\n\t\t\t\t\t\n            <div class=\"icon_box  elementor-consulting-icon-box style_2 alignment_left clearfix\">\n        <div class=\"icon_box_inner\">\n                    <div class=\"icon  font-color_base\" style=\"width:65px\">\n                <i style=\"font-size:21px; \"\n                   class=\"stm-davos_cart\"><\/i><\/div>\n                            <h5 style=\"color:#54595F\" >Transport\n<\/h5>\n            <\/div>\n            <\/div>\n    \n\t\t\t\t<\/div>\n\t\t\t\t<\/div>\n\t\t\t\t\t<\/div>\n\t\t<\/div>\n\t\t\t\t\t<\/div>\n\t\t<\/section>\n\t\t\t\t<div class=\"elementor-element elementor-element-43d3726 elementor-widget elementor-widget-stm_spacing\" data-id=\"43d3726\" data-element_type=\"widget\" data-e-type=\"widget\" data-widget_type=\"stm_spacing.default\">\n\t\t\t\t<div class=\"elementor-widget-container\">\n\t\t\t\t\t<div class=\"stm-spacing\" id=\"stm-spacing-69e362c841cc2\"><\/div>\n<script>\n    (function($){\n        \"use strict\";\n        var spacingID = 'stm-spacing-69e362c841cc2',\n            lgSpacing = '40',\n            mdSpacing = '40',\n            smSpacing = '30',\n            xsSpacing = '30';\n\n        function stmSpacing() {\n            if ( window.matchMedia(\"(min-width: 1200px)\").matches && lgSpacing ) {\n                $( '#' + spacingID ).css ( \"height\", lgSpacing );\n            } else if ( window.matchMedia(\"(max-width: 1199px) and (min-width: 992px )\").matches && mdSpacing ) {\n                $( '#' + spacingID ).css ( \"height\", mdSpacing );\n            } else if ( window.matchMedia(\"(max-width: 991px) and (min-width: 768px )\").matches && smSpacing ) {\n                $( '#' + spacingID ).css ( \"height\", smSpacing );\n            } else if ( window.matchMedia(\"(max-width: 767px)\").matches && xsSpacing ) {\n                $( '#' + spacingID ).css ( \"height\", xsSpacing );\n            } else {\n                $( '#' + spacingID ).css ( \"height\", \"\" );\n            }\n        }\n\n        $(document).ready(function() {\n            stmSpacing();\n        });\n\n        $(window).resize(function() {\n            stmSpacing();\n        });\n\n    })(jQuery);\n<\/script>\t\t\t\t<\/div>\n\t\t\t\t<\/div>\n\t\t\t\t<section class=\"elementor-section elementor-top-section elementor-element elementor-element-64283df elementor-section-boxed elementor-section-height-default elementor-section-height-default\" data-id=\"64283df\" data-element_type=\"section\" data-e-type=\"section\">\n\t\t\t\t\t\t<div class=\"elementor-container elementor-column-gap-default\">\n\t\t\t\t\t<div class=\"elementor-column elementor-col-33 elementor-top-column elementor-element elementor-element-6f27529\" data-id=\"6f27529\" data-element_type=\"column\" data-e-type=\"column\">\n\t\t\t<div class=\"elementor-widget-wrap elementor-element-populated\">\n\t\t\t\t\t\t<div class=\"elementor-element elementor-element-b526857 elementor-widget elementor-widget-stm_icon_box\" data-id=\"b526857\" data-element_type=\"widget\" data-e-type=\"widget\" data-widget_type=\"stm_icon_box.default\">\n\t\t\t\t<div class=\"elementor-widget-container\">\n\t\t\t\t\t\n            <div class=\"icon_box  elementor-consulting-icon-box style_2 alignment_left clearfix\">\n        <div class=\"icon_box_inner\">\n                    <div class=\"icon  font-color_base\" style=\"width:65px\">\n                <i style=\"font-size:21px; \"\n                   class=\"stm-home\"><\/i><\/div>\n                            <h5 style=\"color:#54595F\" >Construction\n<\/h5>\n            <\/div>\n            <\/div>\n    \n\t\t\t\t<\/div>\n\t\t\t\t<\/div>\n\t\t\t\t\t<\/div>\n\t\t<\/div>\n\t\t\t\t<div class=\"elementor-column elementor-col-33 elementor-top-column elementor-element elementor-element-52a0bb1\" data-id=\"52a0bb1\" data-element_type=\"column\" data-e-type=\"column\">\n\t\t\t<div class=\"elementor-widget-wrap elementor-element-populated\">\n\t\t\t\t\t\t<div class=\"elementor-element elementor-element-f4a05a2 elementor-widget elementor-widget-stm_icon_box\" data-id=\"f4a05a2\" data-element_type=\"widget\" data-e-type=\"widget\" data-widget_type=\"stm_icon_box.default\">\n\t\t\t\t<div class=\"elementor-widget-container\">\n\t\t\t\t\t\n            <a href=\"#\" target=\"_blank\" class=\"icon_box elementor-consulting-icon-box style_2 alignment_left  clearfix\">\n        <div class=\"icon_box_inner\">\n                    <div class=\"icon  font-color_base\" style=\"width:65px\">\n                <i style=\"font-size:21px; \"\n                   class=\"stm-shield_flat\"><\/i><\/div>\n                            <h5 style=\"color:#54595F\" >Food Industry\n<\/h5>\n            <\/div>\n            <\/a>\n    \n\t\t\t\t<\/div>\n\t\t\t\t<\/div>\n\t\t\t\t\t<\/div>\n\t\t<\/div>\n\t\t\t\t<div class=\"elementor-column elementor-col-33 elementor-top-column elementor-element elementor-element-684b2d9\" data-id=\"684b2d9\" data-element_type=\"column\" data-e-type=\"column\">\n\t\t\t<div class=\"elementor-widget-wrap\">\n\t\t\t\t\t\t\t<\/div>\n\t\t<\/div>\n\t\t\t\t\t<\/div>\n\t\t<\/section>\n\t\t\t\t<div class=\"elementor-element elementor-element-a88d758 elementor-widget elementor-widget-stm_spacing\" data-id=\"a88d758\" data-element_type=\"widget\" data-e-type=\"widget\" data-widget_type=\"stm_spacing.default\">\n\t\t\t\t<div class=\"elementor-widget-container\">\n\t\t\t\t\t<div class=\"stm-spacing\" id=\"stm-spacing-69e362c8429ff\"><\/div>\n<script>\n    (function($){\n        \"use strict\";\n        var spacingID = 'stm-spacing-69e362c8429ff',\n            lgSpacing = '60',\n            mdSpacing = '40',\n            smSpacing = '30',\n            xsSpacing = '20';\n\n        function stmSpacing() {\n            if ( window.matchMedia(\"(min-width: 1200px)\").matches && lgSpacing ) {\n                $( '#' + spacingID ).css ( \"height\", lgSpacing );\n            } else if ( window.matchMedia(\"(max-width: 1199px) and (min-width: 992px )\").matches && mdSpacing ) {\n                $( '#' + spacingID ).css ( \"height\", mdSpacing );\n            } else if ( window.matchMedia(\"(max-width: 991px) and (min-width: 768px )\").matches && smSpacing ) {\n                $( '#' + spacingID ).css ( \"height\", smSpacing );\n            } else if ( window.matchMedia(\"(max-width: 767px)\").matches && xsSpacing ) {\n                $( '#' + spacingID ).css ( \"height\", xsSpacing );\n            } else {\n                $( '#' + spacingID ).css ( \"height\", \"\" );\n            }\n        }\n\n        $(document).ready(function() {\n            stmSpacing();\n        });\n\n        $(window).resize(function() {\n            stmSpacing();\n        });\n\n    })(jQuery);\n<\/script>\t\t\t\t<\/div>\n\t\t\t\t<\/div>\n\t\t\t\t\t<\/div>\n\t\t<\/div>\n\t\t\t\t\t<\/div>\n\t\t<\/section>\n\t\t\t\t<section class=\"elementor-section elementor-top-section elementor-element elementor-element-707131c elementor-section-boxed elementor-section-height-default elementor-section-height-default\" data-id=\"707131c\" data-element_type=\"section\" data-e-type=\"section\">\n\t\t\t\t\t\t<div class=\"elementor-container elementor-column-gap-default\">\n\t\t\t\t\t<div class=\"elementor-column elementor-col-100 elementor-top-column elementor-element elementor-element-59ed4c5\" data-id=\"59ed4c5\" data-element_type=\"column\" data-e-type=\"column\">\n\t\t\t<div class=\"elementor-widget-wrap elementor-element-populated\">\n\t\t\t\t\t\t<section class=\"elementor-section elementor-inner-section elementor-element elementor-element-2f94770 elementor-section-boxed elementor-section-height-default elementor-section-height-default\" data-id=\"2f94770\" data-element_type=\"section\" data-e-type=\"section\">\n\t\t\t\t\t\t<div class=\"elementor-container elementor-column-gap-default\">\n\t\t\t\t\t<div class=\"elementor-column elementor-col-50 elementor-inner-column elementor-element elementor-element-8ec9f4b\" data-id=\"8ec9f4b\" data-element_type=\"column\" data-e-type=\"column\">\n\t\t\t<div class=\"elementor-widget-wrap elementor-element-populated\">\n\t\t\t\t\t\t<div class=\"elementor-element elementor-element-f0e9cf1 elementor-widget elementor-widget-vc_custom_heading\" data-id=\"f0e9cf1\" data-element_type=\"widget\" data-e-type=\"widget\" data-widget_type=\"vc_custom_heading.default\">\n\t\t\t\t<div class=\"elementor-widget-container\">\n\t\t\t\t\t<div class=\"vc_custom_heading  consulting_heading_font  text_align_left\" ><h3 style=\"text-align: left;font-weight:700\" class=\"consulting-custom-title\">Consultation\n<\/h3><\/div>\t\t\t\t<\/div>\n\t\t\t\t<\/div>\n\t\t\t\t<div class=\"elementor-element elementor-element-53d1f72 elementor-widget elementor-widget-text-editor\" data-id=\"53d1f72\" data-element_type=\"widget\" data-e-type=\"widget\" data-widget_type=\"text-editor.default\">\n\t\t\t\t<div class=\"elementor-widget-container\">\n\t\t\t\t\t\t\t\t\t<p>In addition to staffing, the Svenska Bolagsteamet has extensive experience in consulting on a number of corporate issues that can be challenging for some to solve themselves. This may involve developing and streamlining operations, but also provide guidance when it comes to decommissioning, sales or acquisitions. We probably think a little more outside the box in many cases. However, some of our customers say that we are straightforward if we think they are wrong.<\/p>\n\t\t\t\t\t\t\t\t<\/div>\n\t\t\t\t<\/div>\n\t\t\t\t\t<\/div>\n\t\t<\/div>\n\t\t\t\t<div class=\"elementor-column elementor-col-50 elementor-inner-column elementor-element elementor-element-b2107c2\" data-id=\"b2107c2\" data-element_type=\"column\" data-e-type=\"column\">\n\t\t\t<div class=\"elementor-widget-wrap elementor-element-populated\">\n\t\t\t\t\t\t<div class=\"elementor-element elementor-element-5891a8c elementor-widget elementor-widget-image\" data-id=\"5891a8c\" data-element_type=\"widget\" data-e-type=\"widget\" data-widget_type=\"image.default\">\n\t\t\t\t<div class=\"elementor-widget-container\">\n\t\t\t\t\t\t\t\t\t\t\t\t\t\t\t<img fetchpriority=\"high\" decoding=\"async\" width=\"1024\" height=\"576\" src=\"http:\/\/media.bolagsteamet.se\/2020\/04\/Consultation-Banner-1024x576.jpg\" class=\"attachment-large size-large wp-image-6659\" alt=\"\" srcset=\"http:\/\/media.bolagsteamet.se\/2020\/04\/Consultation-Banner-1024x576.jpg 1024w, http:\/\/media.bolagsteamet.se\/2020\/04\/Consultation-Banner-300x169.jpg 300w, http:\/\/media.bolagsteamet.se\/2020\/04\/Consultation-Banner-768x432.jpg 768w, http:\/\/media.bolagsteamet.se\/2020\/04\/Consultation-Banner-1536x864.jpg 1536w, http:\/\/media.bolagsteamet.se\/2020\/04\/Consultation-Banner-2048x1152.jpg 2048w, http:\/\/media.bolagsteamet.se\/2020\/04\/Consultation-Banner-600x338.jpg 600w\" sizes=\"(max-width: 1024px) 100vw, 1024px\" \/>\t\t\t\t\t\t\t\t\t\t\t\t\t\t\t<\/div>\n\t\t\t\t<\/div>\n\t\t\t\t\t<\/div>\n\t\t<\/div>\n\t\t\t\t\t<\/div>\n\t\t<\/section>\n\t\t\t\t\t<\/div>\n\t\t<\/div>\n\t\t\t\t\t<\/div>\n\t\t<\/section>\n\t\t\t\t<\/div>","protected":false},"excerpt":{"rendered":"<p>Ibland har man f\u00f6r mycket att g\u00f6ra. D\u00e5 kan manbeh\u00f6va f\u00f6rst\u00e4rkavissa arbetsomr\u00e5den lite mer utan att f\u00f6r den skull ing\u00e5 en l\u00e5ngvarig anst\u00e4llning. En nyanst\u00e4llning tar ofta l\u00e5ng tid och fyller inte snabbt uppkomna behov. Ett annat alternativ \u00e4r att hyra in personal fr\u00e5n ett bemanningsf\u00f6retag. Det finns ju b\u00e5de f\u00f6r och nackdelar med det<\/p>","protected":false},"author":1,"featured_media":0,"parent":0,"menu_order":0,"comment_status":"closed","ping_status":"closed","template":"","meta":{"footnotes":""},"class_list":["post-6459","page","type-page","status-publish","hentry"],"_links":{"self":[{"href":"https:\/\/bolagsteamet.se\/en\/wp-json\/wp\/v2\/pages\/6459","targetHints":{"allow":["GET"]}}],"collection":[{"href":"https:\/\/bolagsteamet.se\/en\/wp-json\/wp\/v2\/pages"}],"about":[{"href":"https:\/\/bolagsteamet.se\/en\/wp-json\/wp\/v2\/types\/page"}],"author":[{"embeddable":true,"href":"https:\/\/bolagsteamet.se\/en\/wp-json\/wp\/v2\/users\/1"}],"replies":[{"embeddable":true,"href":"https:\/\/bolagsteamet.se\/en\/wp-json\/wp\/v2\/comments?post=6459"}],"version-history":[{"count":41,"href":"https:\/\/bolagsteamet.se\/en\/wp-json\/wp\/v2\/pages\/6459\/revisions"}],"predecessor-version":[{"id":6849,"href":"https:\/\/bolagsteamet.se\/en\/wp-json\/wp\/v2\/pages\/6459\/revisions\/6849"}],"wp:attachment":[{"href":"https:\/\/bolagsteamet.se\/en\/wp-json\/wp\/v2\/media?parent=6459"}],"curies":[{"name":"wp","href":"https:\/\/api.w.org\/{rel}","templated":true}]}}