{"id":6464,"date":"2020-04-21T18:01:46","date_gmt":"2020-04-21T18:01:46","guid":{"rendered":"http:\/\/bolagsteamet.se\/?page_id=6464"},"modified":"2020-06-23T04:07:41","modified_gmt":"2020-06-23T04:07:41","slug":"it-communication","status":"publish","type":"page","link":"http:\/\/bolagsteamet.se\/en\/it-communication\/","title":{"rendered":"IT &amp; Communication"},"content":{"rendered":"<div data-elementor-type=\"wp-page\" data-elementor-id=\"6464\" class=\"elementor elementor-6464\">\n\t\t\t\t\t\t<section class=\"elementor-section elementor-top-section elementor-element elementor-element-d60719a elementor-section-boxed elementor-section-height-default elementor-section-height-default\" data-id=\"d60719a\" data-element_type=\"section\" data-e-type=\"section\">\n\t\t\t\t\t\t<div class=\"elementor-container elementor-column-gap-default\">\n\t\t\t\t\t<div class=\"elementor-column elementor-col-100 elementor-top-column elementor-element elementor-element-538afee\" data-id=\"538afee\" data-element_type=\"column\" data-e-type=\"column\">\n\t\t\t<div class=\"elementor-widget-wrap elementor-element-populated\">\n\t\t\t\t\t\t<div class=\"elementor-element elementor-element-2cb24c6 elementor-widget elementor-widget-text-editor\" data-id=\"2cb24c6\" data-element_type=\"widget\" data-e-type=\"widget\" data-widget_type=\"text-editor.default\">\n\t\t\t\t<div class=\"elementor-widget-container\">\n\t\t\t\t\t\t\t\t\t<p><strong>Through partner companies and networks, the Svenska Bolagsteamet offers IT support and communication services such as;<\/strong><\/p>\n\t\t\t\t\t\t\t\t<\/div>\n\t\t\t\t<\/div>\n\t\t\t\t\t<\/div>\n\t\t<\/div>\n\t\t\t\t\t<\/div>\n\t\t<\/section>\n\t\t\t\t<section class=\"elementor-section elementor-top-section elementor-element elementor-element-5a1d5e7 elementor-section-boxed elementor-section-height-default elementor-section-height-default\" data-id=\"5a1d5e7\" data-element_type=\"section\" data-e-type=\"section\">\n\t\t\t\t\t\t<div class=\"elementor-container elementor-column-gap-default\">\n\t\t\t\t\t<div class=\"elementor-column elementor-col-33 elementor-top-column elementor-element elementor-element-0cdd623\" data-id=\"0cdd623\" data-element_type=\"column\" data-e-type=\"column\">\n\t\t\t<div class=\"elementor-widget-wrap elementor-element-populated\">\n\t\t\t\t\t\t<div class=\"elementor-element elementor-element-41edec2 elementor-widget elementor-widget-stm_icon_box\" data-id=\"41edec2\" data-element_type=\"widget\" data-e-type=\"widget\" data-widget_type=\"stm_icon_box.default\">\n\t\t\t\t<div class=\"elementor-widget-container\">\n\t\t\t\t\t\n            <div class=\"icon_box  elementor-consulting-icon-box style_2 alignment_left clearfix\">\n        <div class=\"icon_box_inner\">\n                    <div class=\"icon  font-color_custom\" style=\"width:65px\">\n                <i style=\"font-size:22px; color: #222222;\"\n                   class=\"stm-mans\"><\/i><\/div>\n                            <h5 style=\"font-size:22px;line-height:46px\" class=\"font-color_base no_stripe\">IT support\n<\/h5>\n            <\/div>\n            <\/div>\n    \n\t\t\t\t<\/div>\n\t\t\t\t<\/div>\n\t\t\t\t<div class=\"elementor-element elementor-element-82ac239 elementor-widget elementor-widget-stm_icon_box\" data-id=\"82ac239\" data-element_type=\"widget\" data-e-type=\"widget\" data-widget_type=\"stm_icon_box.default\">\n\t\t\t\t<div class=\"elementor-widget-container\">\n\t\t\t\t\t\n            <div class=\"icon_box  elementor-consulting-icon-box style_2 alignment_left clearfix\">\n        <div class=\"icon_box_inner\">\n                    <div class=\"icon  font-color_custom\" style=\"width:65px\">\n                <i style=\"font-size:30px; color: #222222;\"\n                   class=\"stm-idea\"><\/i><\/div>\n                            <h5 style=\"font-size:22px;line-height:46px\" class=\"font-color_base no_stripe\">Social Media\n<\/h5>\n            <\/div>\n            <\/div>\n    \n\t\t\t\t<\/div>\n\t\t\t\t<\/div>\n\t\t\t\t\t<\/div>\n\t\t<\/div>\n\t\t\t\t<div class=\"elementor-column elementor-col-33 elementor-top-column elementor-element elementor-element-b9688e6\" data-id=\"b9688e6\" data-element_type=\"column\" data-e-type=\"column\">\n\t\t\t<div class=\"elementor-widget-wrap elementor-element-populated\">\n\t\t\t\t\t\t<div class=\"elementor-element elementor-element-e34a0d6 elementor-widget elementor-widget-stm_icon_box\" data-id=\"e34a0d6\" data-element_type=\"widget\" data-e-type=\"widget\" data-widget_type=\"stm_icon_box.default\">\n\t\t\t\t<div class=\"elementor-widget-container\">\n\t\t\t\t\t\n            <div class=\"icon_box  elementor-consulting-icon-box style_2 alignment_left clearfix\">\n        <div class=\"icon_box_inner\">\n                    <div class=\"icon  font-color_custom\" style=\"width:65px\">\n                <i style=\"font-size:22px; color: #222222;\"\n                   class=\"stm-binoculars\"><\/i><\/div>\n                            <h5 style=\"font-size:22px;line-height:46px\" class=\"font-color_base no_stripe\">Web and e-commerce\n<\/h5>\n            <\/div>\n            <\/div>\n    \n\t\t\t\t<\/div>\n\t\t\t\t<\/div>\n\t\t\t\t<div class=\"elementor-element elementor-element-4b77de2 elementor-widget elementor-widget-stm_icon_box\" data-id=\"4b77de2\" data-element_type=\"widget\" data-e-type=\"widget\" data-widget_type=\"stm_icon_box.default\">\n\t\t\t\t<div class=\"elementor-widget-container\">\n\t\t\t\t\t\n            <div class=\"icon_box  elementor-consulting-icon-box style_2 alignment_left clearfix\">\n        <div class=\"icon_box_inner\">\n                    <div class=\"icon  font-color_custom\" style=\"width:65px\">\n                <i style=\"font-size:30px; color: #222222;\"\n                   class=\"stm-badge\"><\/i><\/div>\n                            <h5 style=\"font-size:22px;line-height:46px\" class=\"font-color_base no_stripe\">Marketing Communications\n<\/h5>\n            <\/div>\n            <\/div>\n    \n\t\t\t\t<\/div>\n\t\t\t\t<\/div>\n\t\t\t\t\t<\/div>\n\t\t<\/div>\n\t\t\t\t<div class=\"elementor-column elementor-col-33 elementor-top-column elementor-element elementor-element-1b912e2\" data-id=\"1b912e2\" data-element_type=\"column\" data-e-type=\"column\">\n\t\t\t<div class=\"elementor-widget-wrap elementor-element-populated\">\n\t\t\t\t\t\t<div class=\"elementor-element elementor-element-aa042a5 elementor-widget elementor-widget-stm_icon_box\" data-id=\"aa042a5\" data-element_type=\"widget\" data-e-type=\"widget\" data-widget_type=\"stm_icon_box.default\">\n\t\t\t\t<div class=\"elementor-widget-container\">\n\t\t\t\t\t\n            <div class=\"icon_box  elementor-consulting-icon-box style_2 alignment_left clearfix\">\n        <div class=\"icon_box_inner\">\n                    <div class=\"icon  font-color_custom\" style=\"width:65px\">\n                <i style=\"font-size:22px; color: #222222;\"\n                   class=\"stm-nokia\"><\/i><\/div>\n                            <h5 style=\"font-size:22px;line-height:46px\" class=\"font-color_base no_stripe\">SEO &amp; SEA\n<\/h5>\n            <\/div>\n            <\/div>\n    \n\t\t\t\t<\/div>\n\t\t\t\t<\/div>\n\t\t\t\t<div class=\"elementor-element elementor-element-67485ba elementor-widget elementor-widget-stm_icon_box\" data-id=\"67485ba\" data-element_type=\"widget\" data-e-type=\"widget\" data-widget_type=\"stm_icon_box.default\">\n\t\t\t\t<div class=\"elementor-widget-container\">\n\t\t\t\t\t\n            <div class=\"icon_box  elementor-consulting-icon-box style_2 alignment_left clearfix\">\n        <div class=\"icon_box_inner\">\n                    <div class=\"icon  font-color_custom\" style=\"width:65px\">\n                <i style=\"font-size:30px; color: #222222;\"\n                   class=\"stm-security\"><\/i><\/div>\n                            <h5 style=\"font-size:22px;line-height:46px\" class=\"font-color_base no_stripe\">Explainer, brand and product film\n<\/h5>\n            <\/div>\n            <\/div>\n    \n\t\t\t\t<\/div>\n\t\t\t\t<\/div>\n\t\t\t\t\t<\/div>\n\t\t<\/div>\n\t\t\t\t\t<\/div>\n\t\t<\/section>\n\t\t\t\t<section class=\"elementor-section elementor-top-section elementor-element elementor-element-62e82fc elementor-section-boxed elementor-section-height-default elementor-section-height-default\" data-id=\"62e82fc\" data-element_type=\"section\" data-e-type=\"section\">\n\t\t\t\t\t\t<div class=\"elementor-container elementor-column-gap-default\">\n\t\t\t\t\t<div class=\"elementor-column elementor-col-100 elementor-top-column elementor-element elementor-element-492cf6e\" data-id=\"492cf6e\" data-element_type=\"column\" data-e-type=\"column\">\n\t\t\t<div class=\"elementor-widget-wrap elementor-element-populated\">\n\t\t\t\t\t\t<div class=\"elementor-element elementor-element-31a08e2 elementor-widget elementor-widget-stm_spacing\" data-id=\"31a08e2\" data-element_type=\"widget\" data-e-type=\"widget\" data-widget_type=\"stm_spacing.default\">\n\t\t\t\t<div class=\"elementor-widget-container\">\n\t\t\t\t\t<div class=\"stm-spacing\" id=\"stm-spacing-69f4ce69562c8\"><\/div>\n<script>\n    (function($){\n        \"use strict\";\n        var spacingID = 'stm-spacing-69f4ce69562c8',\n            lgSpacing = '100',\n            mdSpacing = '100',\n            smSpacing = '60',\n            xsSpacing = '20';\n\n        function stmSpacing() {\n            if ( window.matchMedia(\"(min-width: 1200px)\").matches && lgSpacing ) {\n                $( '#' + spacingID ).css ( \"height\", lgSpacing );\n            } else if ( window.matchMedia(\"(max-width: 1199px) and (min-width: 992px )\").matches && mdSpacing ) {\n                $( '#' + spacingID ).css ( \"height\", mdSpacing );\n            } else if ( window.matchMedia(\"(max-width: 991px) and (min-width: 768px )\").matches && smSpacing ) {\n                $( '#' + spacingID ).css ( \"height\", smSpacing );\n            } else if ( window.matchMedia(\"(max-width: 767px)\").matches && xsSpacing ) {\n                $( '#' + spacingID ).css ( \"height\", xsSpacing );\n            } else {\n                $( '#' + spacingID ).css ( \"height\", \"\" );\n            }\n        }\n\n        $(document).ready(function() {\n            stmSpacing();\n        });\n\n        $(window).resize(function() {\n            stmSpacing();\n        });\n\n    })(jQuery);\n<\/script>\t\t\t\t<\/div>\n\t\t\t\t<\/div>\n\t\t\t\t\t<\/div>\n\t\t<\/div>\n\t\t\t\t\t<\/div>\n\t\t<\/section>\n\t\t\t\t<section class=\"elementor-section elementor-top-section elementor-element elementor-element-56bf15c elementor-section-boxed elementor-section-height-default elementor-section-height-default\" data-id=\"56bf15c\" data-element_type=\"section\" data-e-type=\"section\" data-settings=\"{&quot;background_background&quot;:&quot;classic&quot;}\">\n\t\t\t\t\t\t<div class=\"elementor-container elementor-column-gap-default\">\n\t\t\t\t\t<div class=\"elementor-column elementor-col-50 elementor-top-column elementor-element elementor-element-67afa19\" data-id=\"67afa19\" data-element_type=\"column\" data-e-type=\"column\">\n\t\t\t<div class=\"elementor-widget-wrap elementor-element-populated\">\n\t\t\t\t\t\t<div class=\"elementor-element elementor-element-1153ddc elementor-widget elementor-widget-image\" data-id=\"1153ddc\" data-element_type=\"widget\" data-e-type=\"widget\" data-widget_type=\"image.default\">\n\t\t\t\t<div class=\"elementor-widget-container\">\n\t\t\t\t\t\t\t\t\t\t\t\t\t\t\t<img fetchpriority=\"high\" decoding=\"async\" width=\"523\" height=\"264\" src=\"https:\/\/media.bolagsteamet.se\/revslider\/service_slider\/services_slider.png\" class=\"attachment-large size-large wp-image-6449\" alt=\"\" srcset=\"http:\/\/media.bolagsteamet.se\/revslider\/service_slider\/services_slider.png 523w, http:\/\/media.bolagsteamet.se\/revslider\/service_slider\/services_slider-300x151.png 300w\" sizes=\"(max-width: 523px) 100vw, 523px\" \/>\t\t\t\t\t\t\t\t\t\t\t\t\t\t\t<\/div>\n\t\t\t\t<\/div>\n\t\t\t\t\t<\/div>\n\t\t<\/div>\n\t\t\t\t<div class=\"elementor-column elementor-col-50 elementor-top-column elementor-element elementor-element-917ab34\" data-id=\"917ab34\" data-element_type=\"column\" data-e-type=\"column\">\n\t\t\t<div class=\"elementor-widget-wrap elementor-element-populated\">\n\t\t\t\t\t\t<div class=\"elementor-element elementor-element-bce5285 elementor-widget elementor-widget-vc_custom_heading\" data-id=\"bce5285\" data-element_type=\"widget\" data-e-type=\"widget\" data-widget_type=\"vc_custom_heading.default\">\n\t\t\t\t<div class=\"elementor-widget-container\">\n\t\t\t\t\t<div class=\"vc_custom_heading  consulting_heading_font  text_align_left\" ><h3 style=\"text-align: left;font-weight:500\" class=\"consulting-custom-title\">We provide IT support such as\n<\/h3><\/div>\t\t\t\t<\/div>\n\t\t\t\t<\/div>\n\t\t\t\t<div class=\"elementor-element elementor-element-bd61a1e elementor-icon-list--layout-traditional elementor-list-item-link-full_width elementor-widget elementor-widget-icon-list\" data-id=\"bd61a1e\" data-element_type=\"widget\" data-e-type=\"widget\" data-widget_type=\"icon-list.default\">\n\t\t\t\t<div class=\"elementor-widget-container\">\n\t\t\t\t\t\t\t<ul class=\"elementor-icon-list-items\">\n\t\t\t\t\t\t\t<li class=\"elementor-icon-list-item\">\n\t\t\t\t\t\t\t\t\t\t\t<span class=\"elementor-icon-list-icon\">\n\t\t\t\t\t\t\t<i aria-hidden=\"true\" class=\"fas fa-chevron-circle-right\"><\/i>\t\t\t\t\t\t<\/span>\n\t\t\t\t\t\t\t\t\t\t<span class=\"elementor-icon-list-text\">Support for operating systems, standard applications and software<\/span>\n\t\t\t\t\t\t\t\t\t<\/li>\n\t\t\t\t\t\t\t\t<li class=\"elementor-icon-list-item\">\n\t\t\t\t\t\t\t\t\t\t\t<span class=\"elementor-icon-list-icon\">\n\t\t\t\t\t\t\t<i aria-hidden=\"true\" class=\"fas fa-chevron-circle-right\"><\/i>\t\t\t\t\t\t<\/span>\n\t\t\t\t\t\t\t\t\t\t<span class=\"elementor-icon-list-text\">Configuration and administration of cloud solutions <\/span>\n\t\t\t\t\t\t\t\t\t<\/li>\n\t\t\t\t\t\t\t\t<li class=\"elementor-icon-list-item\">\n\t\t\t\t\t\t\t\t\t\t\t<span class=\"elementor-icon-list-icon\">\n\t\t\t\t\t\t\t<i aria-hidden=\"true\" class=\"fas fa-chevron-circle-right\"><\/i>\t\t\t\t\t\t<\/span>\n\t\t\t\t\t\t\t\t\t\t<span class=\"elementor-icon-list-text\">Customize new computers and computer programs to suit your business needs<\/span>\n\t\t\t\t\t\t\t\t\t<\/li>\n\t\t\t\t\t\t\t\t<li class=\"elementor-icon-list-item\">\n\t\t\t\t\t\t\t\t\t\t\t<span class=\"elementor-icon-list-icon\">\n\t\t\t\t\t\t\t<i aria-hidden=\"true\" class=\"fas fa-chevron-circle-right\"><\/i>\t\t\t\t\t\t<\/span>\n\t\t\t\t\t\t\t\t\t\t<span class=\"elementor-icon-list-text\">Test new computers and applications<\/span>\n\t\t\t\t\t\t\t\t\t<\/li>\n\t\t\t\t\t\t\t\t<li class=\"elementor-icon-list-item\">\n\t\t\t\t\t\t\t\t\t\t\t<span class=\"elementor-icon-list-icon\">\n\t\t\t\t\t\t\t<i aria-hidden=\"true\" class=\"fas fa-chevron-circle-right\"><\/i>\t\t\t\t\t\t<\/span>\n\t\t\t\t\t\t\t\t\t\t<span class=\"elementor-icon-list-text\">Educate users in new applications and systems<\/span>\n\t\t\t\t\t\t\t\t\t<\/li>\n\t\t\t\t\t\t\t\t<li class=\"elementor-icon-list-item\">\n\t\t\t\t\t\t\t\t\t\t\t<span class=\"elementor-icon-list-icon\">\n\t\t\t\t\t\t\t<i aria-hidden=\"true\" class=\"fas fa-chevron-circle-right\"><\/i>\t\t\t\t\t\t<\/span>\n\t\t\t\t\t\t\t\t\t\t<span class=\"elementor-icon-list-text\">Hardware troubleshooting and various enterprise-specific applications<\/span>\n\t\t\t\t\t\t\t\t\t<\/li>\n\t\t\t\t\t\t<\/ul>\n\t\t\t\t\t\t<\/div>\n\t\t\t\t<\/div>\n\t\t\t\t\t<\/div>\n\t\t<\/div>\n\t\t\t\t\t<\/div>\n\t\t<\/section>\n\t\t\t\t<section class=\"elementor-section elementor-top-section elementor-element elementor-element-0c18ce0 elementor-section-boxed elementor-section-height-default elementor-section-height-default\" data-id=\"0c18ce0\" data-element_type=\"section\" data-e-type=\"section\">\n\t\t\t\t\t\t<div class=\"elementor-container elementor-column-gap-default\">\n\t\t\t\t\t<div class=\"elementor-column elementor-col-100 elementor-top-column elementor-element elementor-element-f303603\" data-id=\"f303603\" data-element_type=\"column\" data-e-type=\"column\">\n\t\t\t<div class=\"elementor-widget-wrap elementor-element-populated\">\n\t\t\t\t\t\t<div class=\"elementor-element elementor-element-0b397eb elementor-widget elementor-widget-stm_spacing\" data-id=\"0b397eb\" data-element_type=\"widget\" data-e-type=\"widget\" data-widget_type=\"stm_spacing.default\">\n\t\t\t\t<div class=\"elementor-widget-container\">\n\t\t\t\t\t<div class=\"stm-spacing\" id=\"stm-spacing-69f4ce6956d46\"><\/div>\n<script>\n    (function($){\n        \"use strict\";\n        var spacingID = 'stm-spacing-69f4ce6956d46',\n            lgSpacing = '100',\n            mdSpacing = '100',\n            smSpacing = '60',\n            xsSpacing = '20';\n\n        function stmSpacing() {\n            if ( window.matchMedia(\"(min-width: 1200px)\").matches && lgSpacing ) {\n                $( '#' + spacingID ).css ( \"height\", lgSpacing );\n            } else if ( window.matchMedia(\"(max-width: 1199px) and (min-width: 992px )\").matches && mdSpacing ) {\n                $( '#' + spacingID ).css ( \"height\", mdSpacing );\n            } else if ( window.matchMedia(\"(max-width: 991px) and (min-width: 768px )\").matches && smSpacing ) {\n                $( '#' + spacingID ).css ( \"height\", smSpacing );\n            } else if ( window.matchMedia(\"(max-width: 767px)\").matches && xsSpacing ) {\n                $( '#' + spacingID ).css ( \"height\", xsSpacing );\n            } else {\n                $( '#' + spacingID ).css ( \"height\", \"\" );\n            }\n        }\n\n        $(document).ready(function() {\n            stmSpacing();\n        });\n\n        $(window).resize(function() {\n            stmSpacing();\n        });\n\n    })(jQuery);\n<\/script>\t\t\t\t<\/div>\n\t\t\t\t<\/div>\n\t\t\t\t<div class=\"elementor-element elementor-element-40a36ce elementor-widget elementor-widget-text-editor\" data-id=\"40a36ce\" data-element_type=\"widget\" data-e-type=\"widget\" data-widget_type=\"text-editor.default\">\n\t\t\t\t<div class=\"elementor-widget-container\">\n\t\t\t\t\t\t\t\t\t<ul>\n<li>\n<p><strong>Web &amp; Ecommerce \/ SEO &amp; SEA \/ Social Media<\/strong><\/p>\n<p>Does your new company need a website? Maybe a social media platform for e-commerce? Or does an older website need to be optimized? Whatever your web needs look like, our developers and consultants have experience in helping companies build, develop and optimize our clients' websites and social media platforms to strengthen the brand and increase data traffic.<\/p>\n<\/li>\n<li>\n<p><strong>Marketing Communications<\/strong><\/p>\n<p>We help you with your market communication. Through paid channels (SEA) and social media platforms we design content and strategy according to your needs and desires. Market communication means what you say, to whom, when and how. We support the development of a communication plan and provide automated services for sustainable and efficient communication.<\/p>\n<\/li>\n<li>\n<p><strong>Explainer, brand or product film<\/strong><\/p>\n<p>Through partner companies, we produce engaging and communicative films that promote and explain brands, products or services. An animated explainer is by far the most effective tool for conveying messages and increasing social media visibility. An explainer is also an effective complement at trade fairs, sales meetings or sponsorship meetings.<\/p>\n<p><span style=\"vertical-align: inherit;\"><span style=\"vertical-align: inherit;\">.<\/span><\/span><\/p>\n<p><strong><span style=\"vertical-align: inherit;\"><span style=\"vertical-align: inherit;\"><span style=\"vertical-align: inherit;\"><span style=\"vertical-align: inherit;\">\u00a0<\/span><\/span><\/span><\/span><\/strong><\/p>\n<\/li>\n<\/ul>\n\t\t\t\t\t\t\t\t<\/div>\n\t\t\t\t<\/div>\n\t\t\t\t\t<\/div>\n\t\t<\/div>\n\t\t\t\t\t<\/div>\n\t\t<\/section>\n\t\t\t\t<section class=\"elementor-section elementor-top-section elementor-element elementor-element-504f099 elementor-section-boxed elementor-section-height-default elementor-section-height-default\" data-id=\"504f099\" data-element_type=\"section\" data-e-type=\"section\" data-settings=\"{&quot;background_background&quot;:&quot;classic&quot;}\">\n\t\t\t\t\t\t<div class=\"elementor-container elementor-column-gap-default\">\n\t\t\t\t\t<div class=\"elementor-column elementor-col-50 elementor-top-column elementor-element elementor-element-a4ea02c\" data-id=\"a4ea02c\" data-element_type=\"column\" data-e-type=\"column\">\n\t\t\t<div class=\"elementor-widget-wrap elementor-element-populated\">\n\t\t\t\t\t\t<div class=\"elementor-element elementor-element-0032086 elementor-widget elementor-widget-heading\" data-id=\"0032086\" data-element_type=\"widget\" data-e-type=\"widget\" data-widget_type=\"heading.default\">\n\t\t\t\t<div class=\"elementor-widget-container\">\n\t\t\t\t\t<h3 class=\"elementor-heading-title elementor-size-default\">We have produced 100's of films for different companies in different industries. For more information and references visit us at<\/h3>\t\t\t\t<\/div>\n\t\t\t\t<\/div>\n\t\t\t\t\t<\/div>\n\t\t<\/div>\n\t\t\t\t<div class=\"elementor-column elementor-col-50 elementor-top-column elementor-element elementor-element-9420dbc\" data-id=\"9420dbc\" data-element_type=\"column\" data-e-type=\"column\">\n\t\t\t<div class=\"elementor-widget-wrap elementor-element-populated\">\n\t\t\t\t\t\t<div class=\"elementor-element elementor-element-868888c elementor-widget elementor-widget-button\" data-id=\"868888c\" data-element_type=\"widget\" data-e-type=\"widget\" data-widget_type=\"button.default\">\n\t\t\t\t<div class=\"elementor-widget-container\">\n\t\t\t\t\t\t\t\t\t<div class=\"elementor-button-wrapper icon_align_row\">\n\t\t\t\t\t<a class=\"elementor-button elementor-button-link elementor-size-sm\" href=\"http:\/\/animelo.se\" target=\"_blank\">\n\t\t\t\t\t\t<span class=\"elementor-button-content-wrapper\">\n\t\t\t\t\t\t<span class=\"elementor-button-icon\">\n\t\t\t\t<i aria-hidden=\"true\" class=\"fas fa-external-link-alt\"><\/i>\t\t\t<\/span>\n\t\t\t\t\t\t\t\t\t<span class=\"elementor-button-text\">animelo.se<\/span>\n\t\t\t\t\t<\/span>\n\t\t\t\t\t<\/a>\n\t\t\t\t<\/div>\n\t\t\t\t\t\t\t\t<\/div>\n\t\t\t\t<\/div>\n\t\t\t\t\t<\/div>\n\t\t<\/div>\n\t\t\t\t\t<\/div>\n\t\t<\/section>\n\t\t\t\t<\/div>","protected":false},"excerpt":{"rendered":"<p>Via partnerf\u00f6retag och n\u00e4tverk erbjuder Svenska Bolagsteamet tj\u00e4nster inom IT-support och kommunikation s\u00e5 som; IT support Sociala medier Webb och e-handel Marknadskommunikation SEO &amp; SEA Explainer, varum\u00e4rkes- och produktfilm Vi tillhandah\u00e5ller IT-support s\u00e5 som: Support av operativsystem, standardapplikationer och programvaror Konfiguration och administration av molnl\u00f6sningar Anpassa nya datorer och datorprogram f\u00f6r att passa f\u00f6retagets behov<\/p>","protected":false},"author":1,"featured_media":0,"parent":0,"menu_order":0,"comment_status":"closed","ping_status":"closed","template":"","meta":{"footnotes":""},"class_list":["post-6464","page","type-page","status-publish","hentry"],"_links":{"self":[{"href":"http:\/\/bolagsteamet.se\/en\/wp-json\/wp\/v2\/pages\/6464","targetHints":{"allow":["GET"]}}],"collection":[{"href":"http:\/\/bolagsteamet.se\/en\/wp-json\/wp\/v2\/pages"}],"about":[{"href":"http:\/\/bolagsteamet.se\/en\/wp-json\/wp\/v2\/types\/page"}],"author":[{"embeddable":true,"href":"http:\/\/bolagsteamet.se\/en\/wp-json\/wp\/v2\/users\/1"}],"replies":[{"embeddable":true,"href":"http:\/\/bolagsteamet.se\/en\/wp-json\/wp\/v2\/comments?post=6464"}],"version-history":[{"count":47,"href":"http:\/\/bolagsteamet.se\/en\/wp-json\/wp\/v2\/pages\/6464\/revisions"}],"predecessor-version":[{"id":6854,"href":"http:\/\/bolagsteamet.se\/en\/wp-json\/wp\/v2\/pages\/6464\/revisions\/6854"}],"wp:attachment":[{"href":"http:\/\/bolagsteamet.se\/en\/wp-json\/wp\/v2\/media?parent=6464"}],"curies":[{"name":"wp","href":"https:\/\/api.w.org\/{rel}","templated":true}]}}