{"id":6238,"date":"2019-11-26T04:29:34","date_gmt":"2019-11-26T04:29:34","guid":{"rendered":"http:\/\/consulting.stylemixthemes.com\/demo\/?page_id=6238"},"modified":"2020-06-22T03:33:51","modified_gmt":"2020-06-22T03:33:51","slug":"about","status":"publish","type":"page","link":"http:\/\/bolagsteamet.se\/en\/about\/","title":{"rendered":"About"},"content":{"rendered":"<div data-elementor-type=\"wp-page\" data-elementor-id=\"6238\" class=\"elementor elementor-6238\">\n\t\t\t\t\t\t<section class=\"elementor-section elementor-top-section elementor-element elementor-element-18b3432 elementor-section-boxed elementor-section-height-default elementor-section-height-default\" data-id=\"18b3432\" data-element_type=\"section\" data-e-type=\"section\">\n\t\t\t\t\t\t<div class=\"elementor-container elementor-column-gap-default\">\n\t\t\t\t\t<div class=\"elementor-column elementor-col-33 elementor-top-column elementor-element elementor-element-18b38c6\" data-id=\"18b38c6\" data-element_type=\"column\" data-e-type=\"column\">\n\t\t\t<div class=\"elementor-widget-wrap elementor-element-populated\">\n\t\t\t\t\t\t<div class=\"elementor-element elementor-element-18b3c97 elementor-widget elementor-widget-image\" data-id=\"18b3c97\" data-element_type=\"widget\" data-e-type=\"widget\" data-widget_type=\"image.default\">\n\t\t\t\t<div class=\"elementor-widget-container\">\n\t\t\t\t\t\t\t\t\t\t\t\t\t\t\t<img fetchpriority=\"high\" decoding=\"async\" width=\"1000\" height=\"667\" src=\"https:\/\/media.bolagsteamet.se\/2020\/04\/0b2cbc65-9acc-4f27-b798-fee46975c3dc.jpg\" class=\"attachment-large size-large wp-image-6662\" alt=\"\" srcset=\"http:\/\/media.bolagsteamet.se\/2020\/04\/0b2cbc65-9acc-4f27-b798-fee46975c3dc.jpg 1000w, http:\/\/media.bolagsteamet.se\/2020\/04\/0b2cbc65-9acc-4f27-b798-fee46975c3dc-300x200.jpg 300w, http:\/\/media.bolagsteamet.se\/2020\/04\/0b2cbc65-9acc-4f27-b798-fee46975c3dc-768x512.jpg 768w, http:\/\/media.bolagsteamet.se\/2020\/04\/0b2cbc65-9acc-4f27-b798-fee46975c3dc-600x400.jpg 600w\" sizes=\"(max-width: 1000px) 100vw, 1000px\" \/>\t\t\t\t\t\t\t\t\t\t\t\t\t\t\t<\/div>\n\t\t\t\t<\/div>\n\t\t\t\t<div class=\"elementor-element elementor-element-18b4591 elementor-widget elementor-widget-stm_spacing\" data-id=\"18b4591\" data-element_type=\"widget\" data-e-type=\"widget\" data-widget_type=\"stm_spacing.default\">\n\t\t\t\t<div class=\"elementor-widget-container\">\n\t\t\t\t\t<div class=\"stm-spacing\" id=\"stm-spacing-69e5f754eaa4d\"><\/div>\n<script>\n    (function($){\n        \"use strict\";\n        var spacingID = 'stm-spacing-69e5f754eaa4d',\n            lgSpacing = '',\n            mdSpacing = '',\n            smSpacing = '',\n            xsSpacing = '';\n\n        function stmSpacing() {\n            if ( window.matchMedia(\"(min-width: 1200px)\").matches && lgSpacing ) {\n                $( '#' + spacingID ).css ( \"height\", lgSpacing );\n            } else if ( window.matchMedia(\"(max-width: 1199px) and (min-width: 992px )\").matches && mdSpacing ) {\n                $( '#' + spacingID ).css ( \"height\", mdSpacing );\n            } else if ( window.matchMedia(\"(max-width: 991px) and (min-width: 768px )\").matches && smSpacing ) {\n                $( '#' + spacingID ).css ( \"height\", smSpacing );\n            } else if ( window.matchMedia(\"(max-width: 767px)\").matches && xsSpacing ) {\n                $( '#' + spacingID ).css ( \"height\", xsSpacing );\n            } else {\n                $( '#' + spacingID ).css ( \"height\", \"\" );\n            }\n        }\n\n        $(document).ready(function() {\n            stmSpacing();\n        });\n\n        $(window).resize(function() {\n            stmSpacing();\n        });\n\n    })(jQuery);\n<\/script>\t\t\t\t<\/div>\n\t\t\t\t<\/div>\n\t\t\t\t\t<\/div>\n\t\t<\/div>\n\t\t\t\t<div class=\"elementor-column elementor-col-66 elementor-top-column elementor-element elementor-element-18b4635\" data-id=\"18b4635\" data-element_type=\"column\" data-e-type=\"column\">\n\t\t\t<div class=\"elementor-widget-wrap elementor-element-populated\">\n\t\t\t\t\t\t<div class=\"elementor-element elementor-element-18b49b2 elementor-widget elementor-widget-text-editor\" data-id=\"18b49b2\" data-element_type=\"widget\" data-e-type=\"widget\" data-widget_type=\"text-editor.default\">\n\t\t\t\t<div class=\"elementor-widget-container\">\n\t\t\t\t\t\t\t\t\t<p>Svenska Bolagsteamet team offers support, consultation and staffing in a number of key areas. Through our partner companies and our network, we provide a complete team of economists, legal adviser and consultants in IT, business development, marketing communication and staffing. With expertise, experience and long-term solutions, we help large and smaller companies in industries such as;<\/p>\n\t\t\t\t\t\t\t\t<\/div>\n\t\t\t\t<\/div>\n\t\t\t\t<section class=\"elementor-section elementor-inner-section elementor-element elementor-element-a9d6123 elementor-section-boxed elementor-section-height-default elementor-section-height-default\" data-id=\"a9d6123\" data-element_type=\"section\" data-e-type=\"section\">\n\t\t\t\t\t\t<div class=\"elementor-container elementor-column-gap-default\">\n\t\t\t\t\t<div class=\"elementor-column elementor-col-50 elementor-inner-column elementor-element elementor-element-ca211ba\" data-id=\"ca211ba\" data-element_type=\"column\" data-e-type=\"column\">\n\t\t\t<div class=\"elementor-widget-wrap elementor-element-populated\">\n\t\t\t\t\t\t<div class=\"elementor-element elementor-element-9ff2890 elementor-widget elementor-widget-stm_icon_box\" data-id=\"9ff2890\" data-element_type=\"widget\" data-e-type=\"widget\" data-widget_type=\"stm_icon_box.default\">\n\t\t\t\t<div class=\"elementor-widget-container\">\n\t\t\t\t\t\n            <div class=\"icon_box  elementor-consulting-icon-box style_2 alignment_left clearfix\">\n        <div class=\"icon_box_inner\">\n                    <div class=\"icon  font-color_default\" style=\"width:65px\">\n                <i style=\"font-size:25px; \"\n                   class=\"fas fa-warehouse\"><\/i><\/div>\n                            <h5  class=\"font-color_base\">Logistics and warehousing\n<\/h5>\n            <\/div>\n            <\/div>\n    \n\t\t\t\t<\/div>\n\t\t\t\t<\/div>\n\t\t\t\t\t<\/div>\n\t\t<\/div>\n\t\t\t\t<div class=\"elementor-column elementor-col-50 elementor-inner-column elementor-element elementor-element-15064ee\" data-id=\"15064ee\" data-element_type=\"column\" data-e-type=\"column\">\n\t\t\t<div class=\"elementor-widget-wrap elementor-element-populated\">\n\t\t\t\t\t\t<div class=\"elementor-element elementor-element-fd1ff3d elementor-widget elementor-widget-stm_icon_box\" data-id=\"fd1ff3d\" data-element_type=\"widget\" data-e-type=\"widget\" data-widget_type=\"stm_icon_box.default\">\n\t\t\t\t<div class=\"elementor-widget-container\">\n\t\t\t\t\t\n            <div class=\"icon_box  elementor-consulting-icon-box style_2 alignment_left clearfix\">\n        <div class=\"icon_box_inner\">\n                    <div class=\"icon  font-color_default\" style=\"width:65px\">\n                <i style=\"font-size:25px; \"\n                   class=\"fas fa-truck-moving\"><\/i><\/div>\n                            <h5  class=\"font-color_base\">Transport\n<\/h5>\n            <\/div>\n            <\/div>\n    \n\t\t\t\t<\/div>\n\t\t\t\t<\/div>\n\t\t\t\t\t<\/div>\n\t\t<\/div>\n\t\t\t\t\t<\/div>\n\t\t<\/section>\n\t\t\t\t<section class=\"elementor-section elementor-inner-section elementor-element elementor-element-3c54ec1 elementor-section-boxed elementor-section-height-default elementor-section-height-default\" data-id=\"3c54ec1\" data-element_type=\"section\" data-e-type=\"section\">\n\t\t\t\t\t\t<div class=\"elementor-container elementor-column-gap-default\">\n\t\t\t\t\t<div class=\"elementor-column elementor-col-50 elementor-inner-column elementor-element elementor-element-dcbf718\" data-id=\"dcbf718\" data-element_type=\"column\" data-e-type=\"column\">\n\t\t\t<div class=\"elementor-widget-wrap elementor-element-populated\">\n\t\t\t\t\t\t<div class=\"elementor-element elementor-element-8ae30fa elementor-widget elementor-widget-stm_icon_box\" data-id=\"8ae30fa\" data-element_type=\"widget\" data-e-type=\"widget\" data-widget_type=\"stm_icon_box.default\">\n\t\t\t\t<div class=\"elementor-widget-container\">\n\t\t\t\t\t\n            <div class=\"icon_box  elementor-consulting-icon-box style_2 alignment_left clearfix\">\n        <div class=\"icon_box_inner\">\n                    <div class=\"icon  font-color_default\" style=\"width:65px\">\n                <i style=\"font-size:25px; \"\n                   class=\"fas fa-building\"><\/i><\/div>\n                            <h5  class=\"font-color_base\">Construction\n<\/h5>\n            <\/div>\n            <\/div>\n    \n\t\t\t\t<\/div>\n\t\t\t\t<\/div>\n\t\t\t\t\t<\/div>\n\t\t<\/div>\n\t\t\t\t<div class=\"elementor-column elementor-col-50 elementor-inner-column elementor-element elementor-element-c4ca9c4\" data-id=\"c4ca9c4\" data-element_type=\"column\" data-e-type=\"column\">\n\t\t\t<div class=\"elementor-widget-wrap elementor-element-populated\">\n\t\t\t\t\t\t<div class=\"elementor-element elementor-element-868cdde elementor-widget elementor-widget-stm_icon_box\" data-id=\"868cdde\" data-element_type=\"widget\" data-e-type=\"widget\" data-widget_type=\"stm_icon_box.default\">\n\t\t\t\t<div class=\"elementor-widget-container\">\n\t\t\t\t\t\n            <div class=\"icon_box  elementor-consulting-icon-box style_2 alignment_left clearfix\">\n        <div class=\"icon_box_inner\">\n                    <div class=\"icon  font-color_default\" style=\"width:65px\">\n                <i style=\"font-size:25px; \"\n                   class=\"fas fa-hamburger\"><\/i><\/div>\n                            <h5  class=\"font-color_base\">Food Industry\n<\/h5>\n            <\/div>\n            <\/div>\n    \n\t\t\t\t<\/div>\n\t\t\t\t<\/div>\n\t\t\t\t\t<\/div>\n\t\t<\/div>\n\t\t\t\t\t<\/div>\n\t\t<\/section>\n\t\t\t\t\t<\/div>\n\t\t<\/div>\n\t\t\t\t\t<\/div>\n\t\t<\/section>\n\t\t\t\t<section class=\"elementor-section elementor-top-section elementor-element elementor-element-18b4e0e elementor-section-boxed elementor-section-height-default elementor-section-height-default\" data-id=\"18b4e0e\" data-element_type=\"section\" data-e-type=\"section\" data-settings=\"{&quot;background_background&quot;:&quot;classic&quot;}\">\n\t\t\t\t\t\t<div class=\"elementor-container elementor-column-gap-default\">\n\t\t\t\t\t<div class=\"elementor-column elementor-col-100 elementor-top-column elementor-element elementor-element-18b5534\" data-id=\"18b5534\" data-element_type=\"column\" data-e-type=\"column\">\n\t\t\t<div class=\"elementor-widget-wrap elementor-element-populated\">\n\t\t\t\t\t\t<div class=\"elementor-element elementor-element-18b5c6b elementor-widget elementor-widget-vc_custom_heading\" data-id=\"18b5c6b\" data-element_type=\"widget\" data-e-type=\"widget\" data-widget_type=\"vc_custom_heading.default\">\n\t\t\t\t<div class=\"elementor-widget-container\">\n\t\t\t\t\t<div class=\"vc_custom_heading  consulting_heading_font  text_align_center\" ><h2 style=\"text-align: center;font-weight:700\" class=\"consulting-custom-title\">Why choose us\n<\/h2><\/div>\t\t\t\t<\/div>\n\t\t\t\t<\/div>\n\t\t\t\t<section class=\"elementor-section elementor-top-section elementor-element elementor-element-18b6212 elementor-section-boxed elementor-section-height-default elementor-section-height-default\" data-id=\"18b6212\" data-element_type=\"section\" data-e-type=\"section\">\n\t\t\t\t\t\t<div class=\"elementor-container elementor-column-gap-default\">\n\t\t\t\t\t<div class=\"elementor-column elementor-col-33 elementor-top-column elementor-element elementor-element-18b6792\" data-id=\"18b6792\" data-element_type=\"column\" data-e-type=\"column\">\n\t\t\t<div class=\"elementor-widget-wrap elementor-element-populated\">\n\t\t\t\t\t\t<div class=\"elementor-element elementor-element-18b6c44 elementor-widget elementor-widget-stm_icon_box\" data-id=\"18b6c44\" data-element_type=\"widget\" data-e-type=\"widget\" data-widget_type=\"stm_icon_box.default\">\n\t\t\t\t<div class=\"elementor-widget-container\">\n\t\t\t\t\t\n            <div class=\"icon_box  elementor-consulting-icon-box style_8 clearfix\">\n        <div class=\"icon_box_icon third_bg_before_color third_bg_after_color\">\n                    <i\n                    class=\"stm-stamp\"\n                    style=\"font-size:36px; \"\n            ><\/i>\n            <\/div>\n    <div class=\"icon_box_content\">\n                    <h4 class=\"title\">Quality \n<\/h4>\n                            <div class=\"content\"><p>With expertise and experience through our network we will solve any questions you may have.<\/p>\n<\/div>\n            <\/div>\n            <\/div>\n    \t\t\t\t<\/div>\n\t\t\t\t<\/div>\n\t\t\t\t<div class=\"elementor-element elementor-element-18b6dd6 elementor-widget elementor-widget-stm_spacing\" data-id=\"18b6dd6\" data-element_type=\"widget\" data-e-type=\"widget\" data-widget_type=\"stm_spacing.default\">\n\t\t\t\t<div class=\"elementor-widget-container\">\n\t\t\t\t\t<div class=\"stm-spacing\" id=\"stm-spacing-69e5f754ed4ea\"><\/div>\n<script>\n    (function($){\n        \"use strict\";\n        var spacingID = 'stm-spacing-69e5f754ed4ea',\n            lgSpacing = '0',\n            mdSpacing = '0',\n            smSpacing = '30',\n            xsSpacing = '30';\n\n        function stmSpacing() {\n            if ( window.matchMedia(\"(min-width: 1200px)\").matches && lgSpacing ) {\n                $( '#' + spacingID ).css ( \"height\", lgSpacing );\n            } else if ( window.matchMedia(\"(max-width: 1199px) and (min-width: 992px )\").matches && mdSpacing ) {\n                $( '#' + spacingID ).css ( \"height\", mdSpacing );\n            } else if ( window.matchMedia(\"(max-width: 991px) and (min-width: 768px )\").matches && smSpacing ) {\n                $( '#' + spacingID ).css ( \"height\", smSpacing );\n            } else if ( window.matchMedia(\"(max-width: 767px)\").matches && xsSpacing ) {\n                $( '#' + spacingID ).css ( \"height\", xsSpacing );\n            } else {\n                $( '#' + spacingID ).css ( \"height\", \"\" );\n            }\n        }\n\n        $(document).ready(function() {\n            stmSpacing();\n        });\n\n        $(window).resize(function() {\n            stmSpacing();\n        });\n\n    })(jQuery);\n<\/script>\t\t\t\t<\/div>\n\t\t\t\t<\/div>\n\t\t\t\t\t<\/div>\n\t\t<\/div>\n\t\t\t\t<div class=\"elementor-column elementor-col-33 elementor-top-column elementor-element elementor-element-18b6ebd\" data-id=\"18b6ebd\" data-element_type=\"column\" data-e-type=\"column\">\n\t\t\t<div class=\"elementor-widget-wrap elementor-element-populated\">\n\t\t\t\t\t\t<div class=\"elementor-element elementor-element-18b72d7 elementor-widget elementor-widget-stm_icon_box\" data-id=\"18b72d7\" data-element_type=\"widget\" data-e-type=\"widget\" data-widget_type=\"stm_icon_box.default\">\n\t\t\t\t<div class=\"elementor-widget-container\">\n\t\t\t\t\t\n            <div class=\"icon_box  elementor-consulting-icon-box style_8 clearfix\">\n        <div class=\"icon_box_icon third_bg_before_color third_bg_after_color\">\n                    <i\n                    class=\"stm-ankara-save-money\"\n                    style=\"font-size:36px; \"\n            ><\/i>\n            <\/div>\n    <div class=\"icon_box_content\">\n                    <h4 class=\"title\">Cost-effective \n<\/h4>\n                            <div class=\"content\"><p>With the right resources and expertise for the right task, work becomes more efficient.<\/p>\n<\/div>\n            <\/div>\n            <\/div>\n    \t\t\t\t<\/div>\n\t\t\t\t<\/div>\n\t\t\t\t<div class=\"elementor-element elementor-element-18b745d elementor-widget elementor-widget-stm_spacing\" data-id=\"18b745d\" data-element_type=\"widget\" data-e-type=\"widget\" data-widget_type=\"stm_spacing.default\">\n\t\t\t\t<div class=\"elementor-widget-container\">\n\t\t\t\t\t<div class=\"stm-spacing\" id=\"stm-spacing-69e5f754edd73\"><\/div>\n<script>\n    (function($){\n        \"use strict\";\n        var spacingID = 'stm-spacing-69e5f754edd73',\n            lgSpacing = '0',\n            mdSpacing = '0',\n            smSpacing = '30',\n            xsSpacing = '30';\n\n        function stmSpacing() {\n            if ( window.matchMedia(\"(min-width: 1200px)\").matches && lgSpacing ) {\n                $( '#' + spacingID ).css ( \"height\", lgSpacing );\n            } else if ( window.matchMedia(\"(max-width: 1199px) and (min-width: 992px )\").matches && mdSpacing ) {\n                $( '#' + spacingID ).css ( \"height\", mdSpacing );\n            } else if ( window.matchMedia(\"(max-width: 991px) and (min-width: 768px )\").matches && smSpacing ) {\n                $( '#' + spacingID ).css ( \"height\", smSpacing );\n            } else if ( window.matchMedia(\"(max-width: 767px)\").matches && xsSpacing ) {\n                $( '#' + spacingID ).css ( \"height\", xsSpacing );\n            } else {\n                $( '#' + spacingID ).css ( \"height\", \"\" );\n            }\n        }\n\n        $(document).ready(function() {\n            stmSpacing();\n        });\n\n        $(window).resize(function() {\n            stmSpacing();\n        });\n\n    })(jQuery);\n<\/script>\t\t\t\t<\/div>\n\t\t\t\t<\/div>\n\t\t\t\t\t<\/div>\n\t\t<\/div>\n\t\t\t\t<div class=\"elementor-column elementor-col-33 elementor-top-column elementor-element elementor-element-18b751e\" data-id=\"18b751e\" data-element_type=\"column\" data-e-type=\"column\">\n\t\t\t<div class=\"elementor-widget-wrap elementor-element-populated\">\n\t\t\t\t\t\t<div class=\"elementor-element elementor-element-18b7927 elementor-widget elementor-widget-stm_icon_box\" data-id=\"18b7927\" data-element_type=\"widget\" data-e-type=\"widget\" data-widget_type=\"stm_icon_box.default\">\n\t\t\t\t<div class=\"elementor-widget-container\">\n\t\t\t\t\t\n            <div class=\"icon_box  elementor-consulting-icon-box style_8 clearfix\">\n        <div class=\"icon_box_icon third_bg_before_color third_bg_after_color\">\n                    <i\n                    class=\"fas fa-hiking\"\n                    style=\"font-size:36px; \"\n            ><\/i>\n            <\/div>\n    <div class=\"icon_box_content\">\n                    <h4 class=\"title\">Guidance \n<\/h4>\n                            <div class=\"content\"><p>When you need to make adjustments or changes in the business.<\/p>\n<\/div>\n            <\/div>\n            <\/div>\n    \t\t\t\t<\/div>\n\t\t\t\t<\/div>\n\t\t\t\t<div class=\"elementor-element elementor-element-18b7abb elementor-widget elementor-widget-stm_spacing\" data-id=\"18b7abb\" data-element_type=\"widget\" data-e-type=\"widget\" data-widget_type=\"stm_spacing.default\">\n\t\t\t\t<div class=\"elementor-widget-container\">\n\t\t\t\t\t<div class=\"stm-spacing\" id=\"stm-spacing-69e5f754ee5e4\"><\/div>\n<script>\n    (function($){\n        \"use strict\";\n        var spacingID = 'stm-spacing-69e5f754ee5e4',\n            lgSpacing = '0',\n            mdSpacing = '0',\n            smSpacing = '30',\n            xsSpacing = '30';\n\n        function stmSpacing() {\n            if ( window.matchMedia(\"(min-width: 1200px)\").matches && lgSpacing ) {\n                $( '#' + spacingID ).css ( \"height\", lgSpacing );\n            } else if ( window.matchMedia(\"(max-width: 1199px) and (min-width: 992px )\").matches && mdSpacing ) {\n                $( '#' + spacingID ).css ( \"height\", mdSpacing );\n            } else if ( window.matchMedia(\"(max-width: 991px) and (min-width: 768px )\").matches && smSpacing ) {\n                $( '#' + spacingID ).css ( \"height\", smSpacing );\n            } else if ( window.matchMedia(\"(max-width: 767px)\").matches && xsSpacing ) {\n                $( '#' + spacingID ).css ( \"height\", xsSpacing );\n            } else {\n                $( '#' + spacingID ).css ( \"height\", \"\" );\n            }\n        }\n\n        $(document).ready(function() {\n            stmSpacing();\n        });\n\n        $(window).resize(function() {\n            stmSpacing();\n        });\n\n    })(jQuery);\n<\/script>\t\t\t\t<\/div>\n\t\t\t\t<\/div>\n\t\t\t\t\t<\/div>\n\t\t<\/div>\n\t\t\t\t\t<\/div>\n\t\t<\/section>\n\t\t\t\t\t<\/div>\n\t\t<\/div>\n\t\t\t\t\t<\/div>\n\t\t<\/section>\n\t\t\t\t<section class=\"elementor-section elementor-top-section elementor-element elementor-element-18ba6bb elementor-section-boxed elementor-section-height-default elementor-section-height-default\" data-id=\"18ba6bb\" data-element_type=\"section\" data-e-type=\"section\">\n\t\t\t\t\t\t<div class=\"elementor-container elementor-column-gap-default\">\n\t\t\t\t\t<div class=\"elementor-column elementor-col-100 elementor-top-column elementor-element elementor-element-18bab11\" data-id=\"18bab11\" data-element_type=\"column\" data-e-type=\"column\">\n\t\t\t<div class=\"elementor-widget-wrap elementor-element-populated\">\n\t\t\t\t\t\t<section class=\"elementor-section elementor-top-section elementor-element elementor-element-18baf86 elementor-section-boxed elementor-section-height-default elementor-section-height-default\" data-id=\"18baf86\" data-element_type=\"section\" data-e-type=\"section\">\n\t\t\t\t\t\t<div class=\"elementor-container elementor-column-gap-default\">\n\t\t\t\t\t<div class=\"elementor-column elementor-col-50 elementor-top-column elementor-element elementor-element-18bb3db\" data-id=\"18bb3db\" data-element_type=\"column\" data-e-type=\"column\">\n\t\t\t<div class=\"elementor-widget-wrap elementor-element-populated\">\n\t\t\t\t\t\t<div class=\"elementor-element elementor-element-18bb734 elementor-widget elementor-widget-vc_custom_heading\" data-id=\"18bb734\" data-element_type=\"widget\" data-e-type=\"widget\" data-widget_type=\"vc_custom_heading.default\">\n\t\t\t\t<div class=\"elementor-widget-container\">\n\t\t\t\t\t<div class=\"vc_custom_heading  consulting_heading_font  text_align_left\" ><h2 style=\"text-align: left;font-weight:700\" class=\"consulting-custom-title\">Our Mission\n<\/h2><\/div>\t\t\t\t<\/div>\n\t\t\t\t<\/div>\n\t\t\t\t<div class=\"elementor-element elementor-element-18bb8fa elementor-widget elementor-widget-text-editor\" data-id=\"18bb8fa\" data-element_type=\"widget\" data-e-type=\"widget\" data-widget_type=\"text-editor.default\">\n\t\t\t\t<div class=\"elementor-widget-container\">\n\t\t\t\t\t\t\t\t\t<p>Lorem ipsum dolor sit amet, consectetur adipiscing elit.\u00a0<\/p>\n<ul>\n<li>Lorem ipsum dolor sit amet, consectetur.<\/li>\n<li>Lorem ipsum dolor sit amet, consectetur elit.\u00a0<\/li>\n<li>Lorem ipsum dolor sit amet, consectetur adipiscing elit.\u00a0<\/li>\n<li>Lorem ipsum dolor sit amet.\u00a0<\/li>\n<li>Lorem ipsum dolor sit amet, consectetur .\u00a0<\/li>\n<li>Lorem ipsum dolor sit amet, consectetur adipiscing.\u00a0<\/li>\n<\/ul>\n\t\t\t\t\t\t\t\t<\/div>\n\t\t\t\t<\/div>\n\t\t\t\t<div class=\"elementor-element elementor-element-18bbb0e elementor-widget elementor-widget-stm_spacing\" data-id=\"18bbb0e\" data-element_type=\"widget\" data-e-type=\"widget\" data-widget_type=\"stm_spacing.default\">\n\t\t\t\t<div class=\"elementor-widget-container\">\n\t\t\t\t\t<div class=\"stm-spacing\" id=\"stm-spacing-69e5f754ef192\"><\/div>\n<script>\n    (function($){\n        \"use strict\";\n        var spacingID = 'stm-spacing-69e5f754ef192',\n            lgSpacing = '0',\n            mdSpacing = '0',\n            smSpacing = '0',\n            xsSpacing = '30';\n\n        function stmSpacing() {\n            if ( window.matchMedia(\"(min-width: 1200px)\").matches && lgSpacing ) {\n                $( '#' + spacingID ).css ( \"height\", lgSpacing );\n            } else if ( window.matchMedia(\"(max-width: 1199px) and (min-width: 992px )\").matches && mdSpacing ) {\n                $( '#' + spacingID ).css ( \"height\", mdSpacing );\n            } else if ( window.matchMedia(\"(max-width: 991px) and (min-width: 768px )\").matches && smSpacing ) {\n                $( '#' + spacingID ).css ( \"height\", smSpacing );\n            } else if ( window.matchMedia(\"(max-width: 767px)\").matches && xsSpacing ) {\n                $( '#' + spacingID ).css ( \"height\", xsSpacing );\n            } else {\n                $( '#' + spacingID ).css ( \"height\", \"\" );\n            }\n        }\n\n        $(document).ready(function() {\n            stmSpacing();\n        });\n\n        $(window).resize(function() {\n            stmSpacing();\n        });\n\n    })(jQuery);\n<\/script>\t\t\t\t<\/div>\n\t\t\t\t<\/div>\n\t\t\t\t\t<\/div>\n\t\t<\/div>\n\t\t\t\t<div class=\"elementor-column elementor-col-50 elementor-top-column elementor-element elementor-element-18bbbb1\" data-id=\"18bbbb1\" data-element_type=\"column\" data-e-type=\"column\">\n\t\t\t<div class=\"elementor-widget-wrap elementor-element-populated\">\n\t\t\t\t\t\t<div class=\"elementor-element elementor-element-18bbf57 elementor-widget elementor-widget-video\" data-id=\"18bbf57\" data-element_type=\"widget\" data-e-type=\"widget\" data-settings=\"{&quot;mute&quot;:&quot;yes&quot;,&quot;video_type&quot;:&quot;vimeo&quot;}\" data-widget_type=\"video.default\">\n\t\t\t\t<div class=\"elementor-widget-container\">\n\t\t\t\t\t\t\t<div class=\"elementor-wrapper elementor-open-inline\">\n\t\t\t<iframe class=\"elementor-video-iframe\" allowfullscreen allow=\"clipboard-write\" title=\"vimeo-videospelare\" src=\"https:\/\/player.vimeo.com\/video\/412711337?color&amp;autopause=0&amp;loop=0&amp;muted=1&amp;title=1&amp;portrait=1&amp;byline=1#t=\"><\/iframe>\t\t<\/div>\n\t\t\t\t\t\t<\/div>\n\t\t\t\t<\/div>\n\t\t\t\t\t<\/div>\n\t\t<\/div>\n\t\t\t\t\t<\/div>\n\t\t<\/section>\n\t\t\t\t\t<\/div>\n\t\t<\/div>\n\t\t\t\t\t<\/div>\n\t\t<\/section>\n\t\t\t\t<\/div>","protected":false},"excerpt":{"rendered":"<p>Svenska Bolagsteamet erbjuder support, konsultation och bemanning inom ett flertal nyckelomr\u00e5den. Viav\u00e5ra partner f\u00f6retag och v\u00e5rt n\u00e4tverk tillhandh\u00e5ller vi ett komplett team av ekonomer, jurister och konsulter inom IT, aff\u00e4rsutveckling, marknadskommunikation och bemanning. Med expertis, erfarenhet och l\u00e5ngsiktiga l\u00f6sningar hj\u00e4lper vi stora som mindre bolag i branscher s\u00e5 som; Logistik och lager Transportverksamhet Bygg och<\/p>","protected":false},"author":1,"featured_media":0,"parent":0,"menu_order":0,"comment_status":"closed","ping_status":"closed","template":"","meta":{"footnotes":""},"class_list":["post-6238","page","type-page","status-publish","hentry"],"_links":{"self":[{"href":"http:\/\/bolagsteamet.se\/en\/wp-json\/wp\/v2\/pages\/6238","targetHints":{"allow":["GET"]}}],"collection":[{"href":"http:\/\/bolagsteamet.se\/en\/wp-json\/wp\/v2\/pages"}],"about":[{"href":"http:\/\/bolagsteamet.se\/en\/wp-json\/wp\/v2\/types\/page"}],"author":[{"embeddable":true,"href":"http:\/\/bolagsteamet.se\/en\/wp-json\/wp\/v2\/users\/1"}],"replies":[{"embeddable":true,"href":"http:\/\/bolagsteamet.se\/en\/wp-json\/wp\/v2\/comments?post=6238"}],"version-history":[{"count":39,"href":"http:\/\/bolagsteamet.se\/en\/wp-json\/wp\/v2\/pages\/6238\/revisions"}],"predecessor-version":[{"id":6805,"href":"http:\/\/bolagsteamet.se\/en\/wp-json\/wp\/v2\/pages\/6238\/revisions\/6805"}],"wp:attachment":[{"href":"http:\/\/bolagsteamet.se\/en\/wp-json\/wp\/v2\/media?parent=6238"}],"curies":[{"name":"wp","href":"https:\/\/api.w.org\/{rel}","templated":true}]}}